{"id":2118,"date":"2020-02-25T08:19:34","date_gmt":"2020-02-25T06:19:34","guid":{"rendered":"http:\/\/sw-themes.com\/porto_dummy\/?page_id=2118"},"modified":"2023-01-18T14:15:34","modified_gmt":"2023-01-18T12:15:34","slug":"wishlist","status":"publish","type":"page","link":"https:\/\/www.kroussos-crete.de\/en\/wishlist\/","title":{"rendered":"Wishlist"},"content":{"rendered":"\n\n\n\n\n<form\n\tid=\"yith-wcwl-form\"\n\taction=\"https:\/\/www.kroussos-crete.de\/en\/wishlist\/\"\n\tmethod=\"post\"\n\tclass=\"woocommerce yith-wcwl-form wishlist-fragment\"\n\tdata-fragment-options=\"{&quot;per_page&quot;:5,&quot;current_page&quot;:1,&quot;pagination&quot;:&quot;no&quot;,&quot;wishlist_id&quot;:false,&quot;action_params&quot;:false,&quot;no_interactions&quot;:false,&quot;layout&quot;:&quot;&quot;,&quot;wishlist&quot;:false,&quot;is_default&quot;:true,&quot;is_custom_list&quot;:false,&quot;wishlist_token&quot;:&quot;&quot;,&quot;is_private&quot;:false,&quot;count&quot;:0,&quot;page_title&quot;:&quot;My wishlist&quot;,&quot;default_wishlsit_title&quot;:&quot;My wishlist&quot;,&quot;page_links&quot;:false,&quot;is_user_logged_in&quot;:false,&quot;is_user_owner&quot;:true,&quot;can_user_edit_title&quot;:false,&quot;show_price&quot;:true,&quot;show_dateadded&quot;:false,&quot;show_stock_status&quot;:false,&quot;show_add_to_cart&quot;:true,&quot;show_remove_product&quot;:true,&quot;add_to_cart_text&quot;:&quot;Add to cart&quot;,&quot;show_ask_estimate_button&quot;:false,&quot;ask_estimate_url&quot;:&quot;&quot;,&quot;price_excl_tax&quot;:false,&quot;show_cb&quot;:false,&quot;show_quantity&quot;:false,&quot;show_variation&quot;:false,&quot;show_price_variations&quot;:false,&quot;show_update&quot;:false,&quot;enable_drag_n_drop&quot;:false,&quot;enable_add_all_to_cart&quot;:false,&quot;move_to_another_wishlist&quot;:false,&quot;repeat_remove_button&quot;:false,&quot;show_last_column&quot;:true,&quot;heading_icon&quot;:&quot;&quot;,&quot;share_enabled&quot;:false,&quot;template_part&quot;:&quot;view&quot;,&quot;additional_info&quot;:false,&quot;available_multi_wishlist&quot;:false,&quot;form_action&quot;:&quot;https:\\\/\\\/www.kroussos-crete.de\\\/en\\\/wishlist\\\/&quot;,&quot;item&quot;:&quot;wishlist&quot;}\"\n>\n\n\t<!-- TITLE -->\n\t<div class=\"align-left mt-3\"><div class=\"box-content\">\t\t<div class=\"wishlist-title-container\">\n\t\t\t<div class=\"wishlist-title \">\n\t\t\t\t<h2>My wishlist<\/h2>\t\t\t\t\t\t\t<\/div>\n\t\t\t\t\t<\/div>\n\t\n\r\n<!-- WISHLIST TABLE -->\r\n<table class=\"shop_table cart wishlist_table wishlist_view traditional responsive \" data-pagination=\"no\" data-per-page=\"5\" data-page=\"1\" data-id=\"\" data-token=\"\">\r\n\r\n\t\r\n\t<thead class=\"d-none\">\r\n\t<tr>\r\n\t\t\r\n\t\t\t\t\r\n\t\t<th class=\"product-thumbnail\"><\/th>\r\n\r\n\t\t<th class=\"product-name\">\r\n\t\t\t<span class=\"nobr\">\r\n\t\t\t\tProduct\t\t\t<\/span>\r\n\t\t<\/th>\r\n\r\n\t\t\t\t\t<th class=\"product-price\">\r\n\t\t\t\t<span class=\"nobr\">\r\n\t\t\t\t\tPrice\t\t\t\t<\/span>\r\n\t\t\t<\/th>\r\n\t\t\r\n\t\t\r\n\t\t\r\n\t\t\t\t\t<th class=\"product-add-to-cart\">\r\n\t\t\t\t<span class=\"nobr\">\r\n\t\t\t\t\tActions\t\t\t\t<\/span>\r\n\t\t\t<\/th>\r\n\t\t\r\n\t\t\t<\/tr>\r\n\t<\/thead>\r\n\r\n\t<tbody class=\"wishlist-items-wrapper\">\r\n\t\t\t<tr class=\"border-0 py-0\">\r\n\t\t\t<td colspan=\"5\" class=\"px-3 py-4 text-center\"><i class=\"far fa-heart wishlist-empty\"><\/i><\/td>\r\n\t\t<\/tr>\r\n\t\t<tr class=\"border-0 py-0\">\r\n\t\t\t<td colspan=\"5\" class=\"px-3 py-2 wishlist-empty\">No products added to the wishlist<\/td>\r\n\t\t<\/tr>\r\n\t\t<tr class=\"border-0 py-0\">\r\n\t\t\t<td colspan=\"5\" class=\"px-3 text-center\">\r\n\t\t\t\t<a class=\"woocommerce-Button button btn-v-dark btn-go-shop\" href=\"https:\/\/www.kroussos-crete.de\/en\/shop\/\">\r\n\t\t\t\t\tGo shopping\t\t\t\t<\/a>\r\n\t\t\t<\/td>\r\n\t\t<\/tr>\r\n\t\t\t<\/tbody>\r\n\r\n<\/table>\r\n\n<div class=\"yith_wcwl_wishlist_footer\">\n\t\n\n\t\n\n\t\n\t<\/div>\n\n<input type=\"hidden\" id=\"yith_wcwl_edit_wishlist\" name=\"yith_wcwl_edit_wishlist\" value=\"6d6518a503\" \/><input type=\"hidden\" name=\"_wp_http_referer\" value=\"\/en\/wp-json\/wp\/v2\/pages\/2118\" \/><input type=\"hidden\" value=\"\" name=\"wishlist_id\" id=\"wishlist_id\">\n\n<\/div><\/div>\n<\/form>\n\n\n\n\n","protected":false},"excerpt":{"rendered":"","protected":false},"author":1,"featured_media":0,"parent":0,"menu_order":0,"comment_status":"closed","ping_status":"closed","template":"","meta":{"inline_featured_image":false,"footnotes":""},"class_list":["post-2118","page","type-page","status-publish","hentry"],"yoast_head":"<!-- This site is optimized with the Yoast SEO Premium plugin v23.9 (Yoast SEO v27.3) - https:\/\/yoast.com\/product\/yoast-seo-premium-wordpress\/ -->\n<title>Wishlist | KROUSSOS - The Taste of Crete<\/title>\n<meta name=\"description\" content=\"Wenn du den Artikel deinem Wunschzettel (Wishlist) hinzuf\u00fcgst, kannst du ihn dir f\u00fcr deinen n\u00e4chsten Einkauf vormerken. Einfach und kostenlos\" \/>\n<meta name=\"robots\" content=\"index, follow, max-snippet:-1, max-image-preview:large, max-video-preview:-1\" \/>\n<link rel=\"canonical\" href=\"https:\/\/www.kroussos-crete.de\/en\/wishlist\/\" \/>\n<meta property=\"og:locale\" content=\"en_US\" \/>\n<meta property=\"og:type\" content=\"article\" \/>\n<meta property=\"og:title\" content=\"Wishlist\" \/>\n<meta property=\"og:description\" content=\"Wenn du den Artikel deinem Wunschzettel (Wishlist) hinzuf\u00fcgst, kannst du ihn dir f\u00fcr deinen n\u00e4chsten Einkauf vormerken. Einfach und kostenlos\" \/>\n<meta property=\"og:url\" content=\"https:\/\/www.kroussos-crete.de\/en\/wishlist\/\" \/>\n<meta property=\"og:site_name\" content=\"KROUSSOS - The Taste of Crete\" \/>\n<meta property=\"article:publisher\" content=\"https:\/\/www.facebook.com\/Kroussos.Crete\" \/>\n<meta property=\"article:modified_time\" content=\"2023-01-18T12:15:34+00:00\" \/>\n<meta property=\"og:image\" content=\"https:\/\/www.kroussos-crete.de\/wp-content\/uploads\/2023\/08\/familie-Grigorakis-olivenol-kreta.png\" \/>\n\t<meta property=\"og:image:width\" content=\"1200\" \/>\n\t<meta property=\"og:image:height\" content=\"675\" \/>\n\t<meta property=\"og:image:type\" content=\"image\/png\" \/>\n<meta name=\"twitter:card\" content=\"summary_large_image\" \/>\n<script type=\"application\/ld+json\" class=\"yoast-schema-graph\">{\"@context\":\"https:\\\/\\\/schema.org\",\"@graph\":[{\"@type\":\"WebPage\",\"@id\":\"https:\\\/\\\/www.kroussos-crete.de\\\/en\\\/wishlist\\\/\",\"url\":\"https:\\\/\\\/www.kroussos-crete.de\\\/en\\\/wishlist\\\/\",\"name\":\"Wishlist | KROUSSOS - The Taste of Crete\",\"isPartOf\":{\"@id\":\"https:\\\/\\\/www.kroussos-crete.de\\\/en\\\/#website\"},\"datePublished\":\"2020-02-25T06:19:34+00:00\",\"dateModified\":\"2023-01-18T12:15:34+00:00\",\"description\":\"Wenn du den Artikel deinem Wunschzettel (Wishlist) hinzuf\u00fcgst, kannst du ihn dir f\u00fcr deinen n\u00e4chsten Einkauf vormerken. Einfach und kostenlos\",\"breadcrumb\":{\"@id\":\"https:\\\/\\\/www.kroussos-crete.de\\\/en\\\/wishlist\\\/#breadcrumb\"},\"inLanguage\":\"en-US\",\"potentialAction\":[{\"@type\":\"ReadAction\",\"target\":[\"https:\\\/\\\/www.kroussos-crete.de\\\/en\\\/wishlist\\\/\"]}]},{\"@type\":\"BreadcrumbList\",\"@id\":\"https:\\\/\\\/www.kroussos-crete.de\\\/en\\\/wishlist\\\/#breadcrumb\",\"itemListElement\":[{\"@type\":\"ListItem\",\"position\":1,\"name\":\"Home\",\"item\":\"https:\\\/\\\/www.kroussos-crete.de\\\/en\\\/\"},{\"@type\":\"ListItem\",\"position\":2,\"name\":\"Wishlist\"}]},{\"@type\":\"WebSite\",\"@id\":\"https:\\\/\\\/www.kroussos-crete.de\\\/en\\\/#website\",\"url\":\"https:\\\/\\\/www.kroussos-crete.de\\\/en\\\/\",\"name\":\"KROUSSOS - The Taste of Crete\",\"description\":\"Delicious, traditional delicacies from the island of Crete\",\"publisher\":{\"@id\":\"https:\\\/\\\/www.kroussos-crete.de\\\/en\\\/#organization\"},\"alternateName\":\"kroussos-crete.de\",\"potentialAction\":[{\"@type\":\"SearchAction\",\"target\":{\"@type\":\"EntryPoint\",\"urlTemplate\":\"https:\\\/\\\/www.kroussos-crete.de\\\/en\\\/?s={search_term_string}\"},\"query-input\":{\"@type\":\"PropertyValueSpecification\",\"valueRequired\":true,\"valueName\":\"search_term_string\"}}],\"inLanguage\":\"en-US\"},{\"@type\":\"Organization\",\"@id\":\"https:\\\/\\\/www.kroussos-crete.de\\\/en\\\/#organization\",\"name\":\"Kroussos Michalis Grigorakis\",\"url\":\"https:\\\/\\\/www.kroussos-crete.de\\\/en\\\/\",\"logo\":{\"@type\":\"ImageObject\",\"inLanguage\":\"en-US\",\"@id\":\"https:\\\/\\\/www.kroussos-crete.de\\\/en\\\/#\\\/schema\\\/logo\\\/image\\\/\",\"url\":\"https:\\\/\\\/www.kroussos-crete.de\\\/wp-content\\\/uploads\\\/2023\\\/08\\\/kroussos-logo-grigorakis.png\",\"contentUrl\":\"https:\\\/\\\/www.kroussos-crete.de\\\/wp-content\\\/uploads\\\/2023\\\/08\\\/kroussos-logo-grigorakis.png\",\"width\":696,\"height\":696,\"caption\":\"Kroussos Michalis Grigorakis\"},\"image\":{\"@id\":\"https:\\\/\\\/www.kroussos-crete.de\\\/en\\\/#\\\/schema\\\/logo\\\/image\\\/\"},\"sameAs\":[\"https:\\\/\\\/www.facebook.com\\\/Kroussos.Crete\",\"https:\\\/\\\/www.instagram.com\\\/kroussoscrete\\\/\"]}]}<\/script>\n<!-- \/ Yoast SEO Premium plugin. -->","yoast_head_json":{"title":"Wishlist | KROUSSOS - The Taste of Crete","description":"Wenn du den Artikel deinem Wunschzettel (Wishlist) hinzuf\u00fcgst, kannst du ihn dir f\u00fcr deinen n\u00e4chsten Einkauf vormerken. Einfach und kostenlos","robots":{"index":"index","follow":"follow","max-snippet":"max-snippet:-1","max-image-preview":"max-image-preview:large","max-video-preview":"max-video-preview:-1"},"canonical":"https:\/\/www.kroussos-crete.de\/en\/wishlist\/","og_locale":"en_US","og_type":"article","og_title":"Wishlist","og_description":"Wenn du den Artikel deinem Wunschzettel (Wishlist) hinzuf\u00fcgst, kannst du ihn dir f\u00fcr deinen n\u00e4chsten Einkauf vormerken. Einfach und kostenlos","og_url":"https:\/\/www.kroussos-crete.de\/en\/wishlist\/","og_site_name":"KROUSSOS - The Taste of Crete","article_publisher":"https:\/\/www.facebook.com\/Kroussos.Crete","article_modified_time":"2023-01-18T12:15:34+00:00","og_image":[{"width":1200,"height":675,"url":"https:\/\/www.kroussos-crete.de\/wp-content\/uploads\/2023\/08\/familie-Grigorakis-olivenol-kreta.png","type":"image\/png"}],"twitter_card":"summary_large_image","schema":{"@context":"https:\/\/schema.org","@graph":[{"@type":"WebPage","@id":"https:\/\/www.kroussos-crete.de\/en\/wishlist\/","url":"https:\/\/www.kroussos-crete.de\/en\/wishlist\/","name":"Wishlist | KROUSSOS - The Taste of Crete","isPartOf":{"@id":"https:\/\/www.kroussos-crete.de\/en\/#website"},"datePublished":"2020-02-25T06:19:34+00:00","dateModified":"2023-01-18T12:15:34+00:00","description":"Wenn du den Artikel deinem Wunschzettel (Wishlist) hinzuf\u00fcgst, kannst du ihn dir f\u00fcr deinen n\u00e4chsten Einkauf vormerken. Einfach und kostenlos","breadcrumb":{"@id":"https:\/\/www.kroussos-crete.de\/en\/wishlist\/#breadcrumb"},"inLanguage":"en-US","potentialAction":[{"@type":"ReadAction","target":["https:\/\/www.kroussos-crete.de\/en\/wishlist\/"]}]},{"@type":"BreadcrumbList","@id":"https:\/\/www.kroussos-crete.de\/en\/wishlist\/#breadcrumb","itemListElement":[{"@type":"ListItem","position":1,"name":"Home","item":"https:\/\/www.kroussos-crete.de\/en\/"},{"@type":"ListItem","position":2,"name":"Wishlist"}]},{"@type":"WebSite","@id":"https:\/\/www.kroussos-crete.de\/en\/#website","url":"https:\/\/www.kroussos-crete.de\/en\/","name":"KROUSSOS - The Taste of Crete","description":"Delicious, traditional delicacies from the island of Crete","publisher":{"@id":"https:\/\/www.kroussos-crete.de\/en\/#organization"},"alternateName":"kroussos-crete.de","potentialAction":[{"@type":"SearchAction","target":{"@type":"EntryPoint","urlTemplate":"https:\/\/www.kroussos-crete.de\/en\/?s={search_term_string}"},"query-input":{"@type":"PropertyValueSpecification","valueRequired":true,"valueName":"search_term_string"}}],"inLanguage":"en-US"},{"@type":"Organization","@id":"https:\/\/www.kroussos-crete.de\/en\/#organization","name":"Kroussos Michalis Grigorakis","url":"https:\/\/www.kroussos-crete.de\/en\/","logo":{"@type":"ImageObject","inLanguage":"en-US","@id":"https:\/\/www.kroussos-crete.de\/en\/#\/schema\/logo\/image\/","url":"https:\/\/www.kroussos-crete.de\/wp-content\/uploads\/2023\/08\/kroussos-logo-grigorakis.png","contentUrl":"https:\/\/www.kroussos-crete.de\/wp-content\/uploads\/2023\/08\/kroussos-logo-grigorakis.png","width":696,"height":696,"caption":"Kroussos Michalis Grigorakis"},"image":{"@id":"https:\/\/www.kroussos-crete.de\/en\/#\/schema\/logo\/image\/"},"sameAs":["https:\/\/www.facebook.com\/Kroussos.Crete","https:\/\/www.instagram.com\/kroussoscrete\/"]}]}},"_links":{"self":[{"href":"https:\/\/www.kroussos-crete.de\/en\/wp-json\/wp\/v2\/pages\/2118","targetHints":{"allow":["GET"]}}],"collection":[{"href":"https:\/\/www.kroussos-crete.de\/en\/wp-json\/wp\/v2\/pages"}],"about":[{"href":"https:\/\/www.kroussos-crete.de\/en\/wp-json\/wp\/v2\/types\/page"}],"author":[{"embeddable":true,"href":"https:\/\/www.kroussos-crete.de\/en\/wp-json\/wp\/v2\/users\/1"}],"replies":[{"embeddable":true,"href":"https:\/\/www.kroussos-crete.de\/en\/wp-json\/wp\/v2\/comments?post=2118"}],"version-history":[{"count":1,"href":"https:\/\/www.kroussos-crete.de\/en\/wp-json\/wp\/v2\/pages\/2118\/revisions"}],"predecessor-version":[{"id":5209,"href":"https:\/\/www.kroussos-crete.de\/en\/wp-json\/wp\/v2\/pages\/2118\/revisions\/5209"}],"wp:attachment":[{"href":"https:\/\/www.kroussos-crete.de\/en\/wp-json\/wp\/v2\/media?parent=2118"}],"curies":[{"name":"wp","href":"https:\/\/api.w.org\/{rel}","templated":true}]}}